{"id":65839,"date":"2025-11-29T02:27:46","date_gmt":"2025-11-29T01:27:46","guid":{"rendered":"https:\/\/www.da-bader.de\/?page_id=65839"},"modified":"2026-03-11T17:43:31","modified_gmt":"2026-03-11T16:43:31","slug":"home","status":"publish","type":"page","link":"https:\/\/www.da-bader.de\/","title":{"rendered":"Startseite"},"content":{"rendered":"<div class=\"wpb-content-wrapper\"><p>[vc_row][vc_column column_width_percent=&#8220;100&#8243; align_horizontal=&#8220;align_center&#8220; gutter_size=&#8220;3&#8243; overlay_alpha=&#8220;50&#8243; shift_x=&#8220;0&#8243; shift_y=&#8220;0&#8243; shift_y_down=&#8220;0&#8243; z_index=&#8220;0&#8243; medium_width=&#8220;0&#8243; mobile_width=&#8220;0&#8243; width=&#8220;1\/1&#8243; uncode_shortcode_id=&#8220;101720&#8243;][vc_custom_heading text_color=&#8220;color-865725&#8243; heading_semantic=&#8220;h1&#8243; text_size=&#8220;h1&#8243; text_weight=&#8220;400&#8243; sub_lead=&#8220;yes&#8220; uncode_shortcode_id=&#8220;192484&#8243; text_color_type=&#8220;uncode-palette&#8220; el_id=&#8220;termin&#8220;]<strong>Da Bader &#8211; M\u00e4nnersalon<\/strong>[\/vc_custom_heading][vc_custom_heading text_color=&#8220;color-865725&#8243; heading_semantic=&#8220;h3&#8243; text_size=&#8220;h3&#8243; uncode_shortcode_id=&#8220;252686&#8243; text_color_type=&#8220;uncode-palette&#8220;]Deine Auszeit in Pfaffenhofen[\/vc_custom_heading][vc_raw_html el_class=&#8220;booking-btn&#8220;]JTNDc2NyaXB0JTNFJTBBJTIwJTIwJTIwJTIwdmFyJTIwY29udGFpbmVyJTIwJTNEJTIwZG9jdW1lbnQuZ2V0RWxlbWVudEJ5SWQlMjglMjclMjRib29raW5nJTI3JTI5JTNCJTBBJTIwJTIwJTIwJTIwd2luZG93LnBsYW5pdHklMjAlM0QlMjAlN0IlMEElMjAlMjAlMjAlMjAlMjAlMjAlMjAlMjBrZXklM0ElMjAlMjctTkVHQXhHLVVRNXRFTXh0NmNGNiUyNyUyQyUwQSUyMCUyMCUyMCUyMCUyMCUyMCUyMCUyMHByaW1hcnlDb2xvciUzQSUyMCUyNyUyMzAxMWU1NiUyNyUyQyUwQSUyMCUyMCUyMCUyMCUyMCUyMCUyMCUyMG9wdGlvbnMlM0ElMjAlN0IlMEElMDklMjAlMjAlMjAlMjBjb3VudHJ5Q29kZSUzQSUyMCUyN0RFJTI3JTBBJTA5JTdEJTJDJTBBJTA5JTJGJTJGJTIwdyVDMyVBNGhsZW4lMjBTaWUlMjBhdXMlMjBkZW4lMjBmb2xnZW5kZW4lMjBPcHRpb25lbiUwQSUyMCUyMCUyMCUyMCUyMCUyMCUyMCUyMGNvbnRhaW5lciUzQSUyMGNvbnRhaW5lciUyQyUwQSUyMCUyMCUyMCUyMCUyMCUyMCUyMCUyMGFjY291bnRDb250YWluZXIlM0ElMjBjb250YWluZXIlMkMlMEElMjAlMjAlMjAlMjAlMjAlMjAlMjAlMjBhcHBvaW50bWVudENvbnRhaW5lciUzQSUyMGNvbnRhaW5lciUyQyUwQSUyMCUyMCUyMCUyMCUyMCUyMCUyMCUyMGdpZnRWb3VjaGVyQ29udGFpbmVyJTNBJTIwY29udGFpbmVyJTJDJTBBJTIwJTIwJTIwJTIwJTIwJTIwJTIwJTIwb25saW5lU2hvcENvbnRhaW5lciUzQSUyMGNvbnRhaW5lciUwQSUyMCUyMCUyMCUyMCU3RCUzQiUwQSUzQyUyRnNjcmlwdCUzRSUzQ3NjcmlwdCUyMHNyYyUzRCUyMmh0dHBzJTNBJTJGJTJGZDJza2p0ZTh1ZGpxeHcuY2xvdWRmcm9udC5uZXQlMkZ3aWRnZXQlMkZwcm9kdWN0aW9uJTJGMiUyRnBvbHlmaWxscy5sYXRlc3QuanMlMjIlM0UlM0MlMkZzY3JpcHQlM0UlMEElMjAlMjAlM0NzY3JpcHQlMjBzcmMlM0QlMjJodHRwcyUzQSUyRiUyRmQyc2tqdGU4dWRqcXh3LmNsb3VkZnJvbnQubmV0JTJGd2lkZ2V0JTJGcHJvZHVjdGlvbiUyRjIlMkZhcHAubGF0ZXN0LmpzJTIyJTNFJTNDJTJGc2NyaXB0JTNF[\/vc_raw_html][\/vc_column][\/vc_row][vc_row][vc_column column_width_percent=&#8220;100&#8243; align_horizontal=&#8220;align_center&#8220; gutter_size=&#8220;3&#8243; overlay_alpha=&#8220;50&#8243; shift_x=&#8220;0&#8243; shift_y=&#8220;0&#8243; shift_y_down=&#8220;0&#8243; z_index=&#8220;0&#8243; medium_width=&#8220;0&#8243; mobile_width=&#8220;0&#8243; width=&#8220;1\/1&#8243; uncode_shortcode_id=&#8220;211640&#8243;][vc_row_inner limit_content=&#8220;&#8220;][vc_column_inner width=&#8220;1\/2&#8243;][caw_single_image image_id=&#8220;66059&#8243;][\/caw_single_image][\/vc_column_inner][vc_column_inner column_width_percent=&#8220;100&#8243; position_vertical=&#8220;middle&#8220; align_horizontal=&#8220;align_center&#8220; gutter_size=&#8220;3&#8243; overlay_alpha=&#8220;50&#8243; shift_x=&#8220;0&#8243; shift_y=&#8220;0&#8243; shift_y_down=&#8220;0&#8243; z_index=&#8220;0&#8243; medium_width=&#8220;0&#8243; mobile_width=&#8220;0&#8243; width=&#8220;1\/2&#8243; uncode_shortcode_id=&#8220;105937&#8243;][vc_column_text uncode_shortcode_id=&#8220;185740&#8243;]<strong>Warum zum Bader, bzw. was unterscheidet uns von anderen<\/strong><\/p>\n<p>Bei uns geht\u2019s vor allem um Wertsch\u00e4tzung, der Kunde nimmt sich die Zeit, damit wir unser Handwerk mit Freude aus\u00fcben k\u00f6nnen. Dabei geht\u2019s ja um viel mehr als nur schnell Haare schneiden, wir wollen eine Auszeit f\u00fcr euch schaffen, die es wert ist.<br \/>\nWir nehmen uns die Zeit um Euch kennen zu lernen, damit die Beratung auch Typgerecht ist. Genie\u00dft es bei entspannter Musik im klimatisierten Laden, ein Kalt- oder Hei\u00dfgetr\u00e4nk(inklusive) zu trinken, dabei spannende Themen diskutieren, oder einfach in Ruhe abschalten.<br \/>\nNeben unseren Dienstleistungen und Produkten haben wir auch noch viele Kooperationen im Laden die euch interessieren k\u00f6nnten.<br \/>\n\u00dcberzeuge Dich am besten selbst, wir wollen alle ansprechen die das Handwerk noch mit Qualit\u00e4t verbinden und sich daf\u00fcr die Zeit nehmen. Ihr m\u00fcsst keinen Bart haben und eine Harley fahren um zu uns zu passen, wichtiger ist die Neugier um zu verstehen wie anders ein Friseurbesuch sein kann.<br \/>\nBei uns steht der Kunde im Mittelpunkt, weshalb wir nur auf Termin arbeiten. Das bedeutet genug Zeit um die Hygiene nicht zu vernachl\u00e4ssigen und euren Anspr\u00fcchen gerecht zu werden. Wir freuen uns auf euch![\/vc_column_text][\/vc_column_inner][\/vc_row_inner][\/vc_column][\/vc_row][vc_row][vc_column column_width_percent=&#8220;100&#8243; align_horizontal=&#8220;align_center&#8220; gutter_size=&#8220;3&#8243; overlay_alpha=&#8220;50&#8243; shift_x=&#8220;0&#8243; shift_y=&#8220;0&#8243; shift_y_down=&#8220;0&#8243; z_index=&#8220;0&#8243; medium_width=&#8220;0&#8243; mobile_width=&#8220;0&#8243; width=&#8220;1\/1&#8243; uncode_shortcode_id=&#8220;141990&#8243;][vc_custom_heading text_color=&#8220;color-865725&#8243; text_weight=&#8220;400&#8243; uncode_shortcode_id=&#8220;112779&#8243; text_color_type=&#8220;uncode-palette&#8220;]Unser Service[\/vc_custom_heading][vc_raw_html]JTNDZGl2JTIwY2xhc3MlM0QlMjJpbmZvLWZsaXAtcm93JTIyJTNFJTBBJTBBJTIwJTIwJTNDJTIxLS0lMjBDYXJkJTIwMSUyMC0tJTNFJTBBJTIwJTIwJTNDZGl2JTIwY2xhc3MlM0QlMjJpbmZvLWNhcmQlMjBjYXJkLWJsdWUlMjIlM0UlMEElMjAlMjAlMjAlMjAlM0NkaXYlMjBjbGFzcyUzRCUyMmluZm8tY2FyZC1pbm5lciUyMiUzRSUwQSUyMCUyMCUyMCUyMCUyMCUyMCUzQ2RpdiUyMGNsYXNzJTNEJTIyaW5mby1jYXJkLWZyb250JTIyJTNFJTBBJTIwJTIwJTIwJTIwJTIwJTIwJTIwJTIwJTNDc3BhbiUyMGNsYXNzJTNEJTIyaW5mby1jYXJkLWljb24lMjIlM0UlM0NpbWclMjBzcmMlM0QlMjJodHRwcyUzQSUyRiUyRnd3dy5kYS1iYWRlci5kZSUyRndwLWNvbnRlbnQlMkZ1cGxvYWRzJTJGMjAxNyUyRjA1JTJGZGEtYmFkZXItcGZhZmZlbmhvZmVuLWljb24tc2NoZXJlLnBuZyUyMiUyMGFsdCUzRCUyMlNjaGVyZSUyMiUzRSUzQyUyRnNwYW4lM0UlMEElMjAlMjAlMjAlMjAlMjAlMjAlMjAlMjAlM0NoMyUzRVNjaG5pdHQlM0MlMkZoMyUzRSUwQSUyMCUyMCUyMCUyMCUyMCUyMCUzQyUyRmRpdiUzRSUwQSUyMCUyMCUyMCUyMCUyMCUyMCUzQ2RpdiUyMGNsYXNzJTNEJTIyaW5mby1jYXJkLWJhY2slMjIlM0UlMEElMjAlMjAlMjAlMjAlMjAlMjAlMjAlMjAlM0NkaXYlMjBjbGFzcyUzRCUyMmluZm8tY2FyZC1sb2dvJTIyJTNFJTBBJTIwJTIwJTIwJTIwJTIwJTIwJTIwJTIwJTIwJTIwJTNDaW1nJTIwc3JjJTNEJTIyaHR0cHMlM0ElMkYlMkZ3d3cuZGEtYmFkZXIuZGUlMkZ3cC1jb250ZW50JTJGdXBsb2FkcyUyRjIwMTclMkYwNSUyRmRhLWJhZGVyLXBmYWZmZW5ob2Zlbi1pY29uLXNjaGVyZS5wbmclMjIlMjBhbHQlM0QlMjJTY2hlcmUlMjIlM0UlMEElMjAlMjAlMjAlMjAlMjAlMjAlMjAlMjAlM0MlMkZkaXYlM0UlMEElMjAlMjAlMjAlMjAlMjAlMjAlMjAlMjAlM0NwJTNFJTBBJTIwJTIwJTIwJTIwJTIwJTIwJTIwJTIwJTIwJTIwRGVtJTIwQWxsdGFnc3N0cmVzcyUyMGVudGZsaWVoZW4lMjB1bmQlMjBuaWNodCUyMG51ciUyMGVpbmVuJTIwSGFhcnNjaG5pdHQlMjBhYmdyZWlmZW4uJTIwV2lyJTIwbmVobWVuJTIwdW5zJTIwWmVpdCUyQyUyMGRpciUyMGRlbiUyMFNlcnZpY2UlMjBiaWV0ZW4lMjB6dSUyMGslQzMlQjZubmVuJTJDJTIwZGVyJTIwZGlyJTIwZ2VyZWNodCUyMHdpcmQuJTBBJTIwJTIwJTIwJTIwJTIwJTIwJTIwJTIwJTNDJTJGcCUzRSUwQSUyMCUyMCUyMCUyMCUyMCUyMCUzQyUyRmRpdiUzRSUwQSUyMCUyMCUyMCUyMCUzQyUyRmRpdiUzRSUwQSUyMCUyMCUzQyUyRmRpdiUzRSUwQSUwQSUyMCUyMCUzQyUyMS0tJTIwQ2FyZCUyMDIlMjAtLSUzRSUwQSUyMCUyMCUzQ2RpdiUyMGNsYXNzJTNEJTIyaW5mby1jYXJkJTIwY2FyZC1nb2xkJTIyJTNFJTBBJTIwJTIwJTIwJTIwJTNDZGl2JTIwY2xhc3MlM0QlMjJpbmZvLWNhcmQtaW5uZXIlMjIlM0UlMEElMjAlMjAlMjAlMjAlMjAlMjAlM0NkaXYlMjBjbGFzcyUzRCUyMmluZm8tY2FyZC1mcm9udCUyMiUzRSUwQSUyMCUyMCUyMCUyMCUyMCUyMCUyMCUyMCUzQ3NwYW4lMjBjbGFzcyUzRCUyMmluZm8tY2FyZC1pY29uJTIyJTNFJTNDaW1nJTIwc3JjJTNEJTIyaHR0cHMlM0ElMkYlMkZ3d3cuZGEtYmFkZXIuZGUlMkZ3cC1jb250ZW50JTJGdXBsb2FkcyUyRjIwMTclMkYwNSUyRmRhLWJhZGVyLXBmYWZmZW5ob2Zlbi1pY29uLW1lc3Nlci5wbmclMjIlMjBhbHQlM0QlMjJtZXNzZXIlMjIlM0UlM0MlMkZzcGFuJTNFJTBBJTIwJTIwJTIwJTIwJTIwJTIwJTIwJTIwJTNDaDMlM0VSYXN1ciUzQyUyRmgzJTNFJTBBJTIwJTIwJTIwJTIwJTIwJTIwJTNDJTJGZGl2JTNFJTBBJTIwJTIwJTIwJTIwJTIwJTIwJTNDZGl2JTIwY2xhc3MlM0QlMjJpbmZvLWNhcmQtYmFjayUyMiUzRSUwQSUyMCUyMCUyMCUyMCUyMCUyMCUyMCUyMCUzQ2RpdiUyMGNsYXNzJTNEJTIyaW5mby1jYXJkLWxvZ28lMjIlM0UlMEElMjAlMjAlMjAlMjAlMjAlMjAlMjAlMjAlMjAlMjAlM0NpbWclMjBzcmMlM0QlMjJodHRwcyUzQSUyRiUyRnd3dy5kYS1iYWRlci5kZSUyRndwLWNvbnRlbnQlMkZ1cGxvYWRzJTJGMjAxNyUyRjA1JTJGZGEtYmFkZXItcGZhZmZlbmhvZmVuLWljb24tbWVzc2VyLnBuZyUyMiUyMGFsdCUzRCUyMm1lc3NlciUyMiUzRSUwQSUyMCUyMCUyMCUyMCUyMCUyMCUyMCUyMCUzQyUyRmRpdiUzRSUwQSUyMCUyMCUyMCUyMCUyMCUyMCUyMCUyMCUzQ3AlM0UlMEElMjAlMjAlMjAlMjAlMjAlMjAlMjAlMjAlMjAlMjBEdXJjaCUyMEluc3BpcmF0aW9uJTIwdW5kJTIwZGVyJTIwc2VociUyMHBlcnMlQzMlQjZubGljaGVuJTIwQmVobmFkbHVuZyUyMGZpbmRlbiUyMHdpciUyMGRlaW5lbiUyMHJpY2h0aWdlbiUyMEJhcnRzY2huaXR0JTIwdW5kJTIwc3R1dHplbiUyMG9kZXIlMjByYXNpZXJlbiUyMGRpciUyMGRlbiUyMG1vZGVybmVuJTIwQmFydCUyQyUyMGRlciUyMHp1JTIwZGlyJTIwcGFzc3QuJTBBJTIwJTIwJTIwJTIwJTIwJTIwJTIwJTIwJTNDJTJGcCUzRSUwQSUyMCUyMCUyMCUyMCUyMCUyMCUzQyUyRmRpdiUzRSUwQSUyMCUyMCUyMCUyMCUzQyUyRmRpdiUzRSUwQSUyMCUyMCUzQyUyRmRpdiUzRSUwQSUwQSUyMCUyMCUzQyUyMS0tJTIwQ2FyZCUyMDMlMjAtLSUzRSUwQSUyMCUyMCUzQ2RpdiUyMGNsYXNzJTNEJTIyaW5mby1jYXJkJTIwY2FyZC1yZWQlMjIlM0UlMEElMjAlMjAlMjAlMjAlM0NkaXYlMjBjbGFzcyUzRCUyMmluZm8tY2FyZC1pbm5lciUyMiUzRSUwQSUyMCUyMCUyMCUyMCUyMCUyMCUzQ2RpdiUyMGNsYXNzJTNEJTIyaW5mby1jYXJkLWZyb250JTIyJTNFJTBBJTIwJTIwJTIwJTIwJTIwJTIwJTIwJTIwJTNDc3BhbiUyMGNsYXNzJTNEJTIyaW5mby1jYXJkLWljb24lMjIlM0UlM0NpbWclMjBzcmMlM0QlMjJodHRwcyUzQSUyRiUyRnd3dy5kYS1iYWRlci5kZSUyRndwLWNvbnRlbnQlMkZ1cGxvYWRzJTJGMjAxNyUyRjA1JTJGZGEtYmFkZXItcGZhZmZlbmhvZmVuLWljb24tY2hhaXIucG5nJTIyJTIwYWx0JTNEJTIyY2hhaXIlMjIlM0UlM0MlMkZzcGFuJTNFJTBBJTIwJTIwJTIwJTIwJTIwJTIwJTIwJTIwJTNDaDMlM0VCZXJhdHVuZyUzQyUyRmgzJTNFJTBBJTIwJTIwJTIwJTIwJTIwJTIwJTNDJTJGZGl2JTNFJTBBJTIwJTIwJTIwJTIwJTIwJTIwJTNDZGl2JTIwY2xhc3MlM0QlMjJpbmZvLWNhcmQtYmFjayUyMiUzRSUwQSUyMCUyMCUyMCUyMCUyMCUyMCUyMCUyMCUzQ2RpdiUyMGNsYXNzJTNEJTIyaW5mby1jYXJkLWxvZ28lMjIlM0UlMEElMjAlMjAlMjAlMjAlMjAlMjAlMjAlMjAlMjAlMjAlM0NpbWclMjBzcmMlM0QlMjJodHRwcyUzQSUyRiUyRnd3dy5kYS1iYWRlci5kZSUyRndwLWNvbnRlbnQlMkZ1cGxvYWRzJTJGMjAxNyUyRjA1JTJGZGEtYmFkZXItcGZhZmZlbmhvZmVuLWljb24tY2hhaXIucG5nJTIyJTIwYWx0JTNEJTIyY2hhaXIlMjIlM0UlMEElMjAlMjAlMjAlMjAlMjAlMjAlMjAlMjAlM0MlMkZkaXYlM0UlMEElMjAlMjAlMjAlMjAlMjAlMjAlMjAlMjAlM0NwJTNFJTBBJTIwJTIwJTIwJTIwJTIwJTIwJTIwJTIwJTIwJTIwQmVpJTIwdW5zJTIwd2lyZCUyMHNpY2glMjBaZWl0JTIwZ2Vub21tZW4uJTIwRWdhbCUyMG9iJTIwZXMlMjB1bSUyMGRpZSUyMEJlaGFuZGx1bmdlbiUyMG9kZXIlMjBkaWUlMjBCZXJhdHVuZyUyMGdlaHQuJTIwRHVyY2glMjB1bnNlcmUlMjBuYW1oYWZ0ZW4lMjBQYXJ0bmVyJTIwZmluZGVuJTIwd2lyJTIwZGFubiUyMGF1Y2glMjBmJUMzJUJDciUyMGRpY2glMjBkYXMlMjByaWNodGlnZSUyMFByb2R1a3QuJTBBJTIwJTIwJTIwJTIwJTIwJTIwJTIwJTIwJTNDJTJGcCUzRSUwQSUyMCUyMCUyMCUyMCUyMCUyMCUzQyUyRmRpdiUzRSUwQSUyMCUyMCUyMCUyMCUzQyUyRmRpdiUzRSUwQSUyMCUyMCUzQyUyRmRpdiUzRSUwQSUwQSUzQyUyRmRpdiUzRSUwQQ==[\/vc_raw_html][\/vc_column][\/vc_row][vc_row][vc_column column_width_percent=&#8220;100&#8243; align_horizontal=&#8220;align_center&#8220; gutter_size=&#8220;3&#8243; overlay_alpha=&#8220;50&#8243; shift_x=&#8220;0&#8243; shift_y=&#8220;0&#8243; shift_y_down=&#8220;0&#8243; z_index=&#8220;0&#8243; medium_width=&#8220;0&#8243; mobile_width=&#8220;0&#8243; width=&#8220;1\/1&#8243; uncode_shortcode_id=&#8220;205003&#8243;][vc_custom_heading text_color=&#8220;color-865725&#8243; text_weight=&#8220;400&#8243; uncode_shortcode_id=&#8220;937455&#8243; text_color_type=&#8220;uncode-palette&#8220; el_id=&#8220;team&#8220;]Das Team[\/vc_custom_heading][vc_raw_html]JTNDZGl2JTIwY2xhc3MlM0QlMjJ0ZWFtLWZsaXAtcm93JTIyJTNFJTBBJTBBJTIwJTIwJTNDJTIxLS0lMjBUb2JpYXMlMjAtLSUzRSUwQSUyMCUyMCUzQ2RpdiUyMGNsYXNzJTNEJTIyZmxpcC1jYXJkJTIyJTNFJTBBJTIwJTIwJTIwJTIwJTNDZGl2JTIwY2xhc3MlM0QlMjJmbGlwLWNhcmQtaW5uZXIlMjIlM0UlMEElMjAlMjAlMjAlMjAlMjAlMjAlM0NkaXYlMjBjbGFzcyUzRCUyMmZsaXAtY2FyZC1mcm9udCUyMiUzRSUwQSUyMCUyMCUyMCUyMCUyMCUyMCUyMCUyMCUzQ2ltZyUyMHNyYyUzRCUyMmh0dHBzJTNBJTJGJTJGd3d3LmRhLWJhZGVyLmRlJTJGd3AtY29udGVudCUyRnVwbG9hZHMlMkYyMDI1JTJGMTIlMkZUb2JpLmpwZyUyMiUyMGFsdCUzRCUyMlRvYmlhcyUyMiUzRSUwQSUyMCUyMCUyMCUyMCUyMCUyMCUyMCUyMCUzQ2gzJTNFVG9iaWFzJTNDJTJGaDMlM0UlMEElMjAlMjAlMjAlMjAlMjAlMjAlMjAlMjAlM0NwJTNFSW5oYWJlciUyRk1laXN0ZXIlM0MlMkZwJTNFJTBBJTIwJTIwJTIwJTIwJTIwJTIwJTNDJTJGZGl2JTNFJTBBJTIwJTIwJTIwJTIwJTIwJTIwJTNDZGl2JTIwY2xhc3MlM0QlMjJmbGlwLWNhcmQtYmFjayUyMiUyMHN0eWxlJTNEJTIyYmFja2dyb3VuZC1pbWFnZSUzQSUyMHVybCUyOCUyN2h0dHBzJTNBJTJGJTJGd3d3LmRhLWJhZGVyLmRlJTJGd3AtY29udGVudCUyRnVwbG9hZHMlMkYyMDI1JTJGMTIlMkZUb2JpLmpwZyUyNyUyOSUzQiUyMiUzRSUwQSUyMCUyMCUyMCUyMCUyMCUyMCUyMCUyMCUzQ2RpdiUyMGNsYXNzJTNEJTIyZmxpcC1jYXJkLWJhY2stY29udGVudCUyMiUzRSUwQSUyMCUyMCUyMCUyMCUyMCUyMCUyMCUyMCUyMCUyMCUzQ2gzJTNFVG9iaWFzJTIwTWVociUzQyUyRmgzJTNFJTBBJTIwJTIwJTIwJTIwJTIwJTIwJTIwJTIwJTIwJTIwJTNDcCUzRSUwQSUyMCUyMCUyMCUyMCUyMCUyMCUyMCUyMCUyMCUyMCUyMCUyMEljaCUyMGJpbiUyMFRvYmlhcyUyME1laHIlQzIlQTAlRTIlODAlOTMlMjBGcmlzZXVybWVpc3RlciUyMGluJTIwdmllcnRlciUyMEdlbmVyYXRpb24lMjB1bmQlMjBHciVDMyVCQ25kZXIlMjBtaXQlMjBMZWlkZW5zY2hhZnQlMjBmJUMzJUJDciUyMHRyYWRpdGlvbmVsbGVzJTIwQmFyYmllci1IYW5kd2VyayUyQyUyMGVocmxpY2hlcyUyMEhhbmR3ZXJrJTIwdW5kJTIwdHlwZ2VyZWNodGUlMjBCZXJhdHVuZy4lMEElMEFEdXJjaCUyMG1laW5lJTIwRmFtaWxpZW5nZXNjaGljaHRlJTIwJUUyJTgwJTk0JTIwYXVmZ2V3YWNoc2VuJTIwaW0lMjBGcmlzZXVyc2Fsb24lMjBtZWluZXMlMjBHcm8lQzMlOUZ2YXRlcnMlMjB3dWNocyUyMGRlciUyMFRyYXVtJTIwdm9tJTIwZWlnZW5lbiUyMEhlcnJlbnNhbG9uLiUyME1pdCUyMG1laW5lbSUyMCUyMk0lQzMlQTRubmVyc2Fsb24lMjAtJTIwRGElMjBCYWRlciUyMiUyMGhhYmUlMjBpY2glMjBlaW5lbiUyME9ydCUyMGdlc2NoYWZmZW4lMkMlMjBkZXIlMjBnYW56JTIwYXVmJTIwTSVDMyVBNG5uZXIlMjBtaXQlMjBTdGlsJTIwc2V0enQlM0ElMjBGcmlzdXJlbiUyQyUyMEJhcnRzdHlsaW5nJTIwdW5kJTIwLXBmbGVnZSUyMGluJTIwZWluZW0lMjBydXN0aWthbC1tb2Rlcm5lbiUyQyUyMGJheXJpc2NoJTIwZ2VwciVDMyVBNGd0ZW4lMjBBbWJpZW50ZSUwQSUwQU1laW4lMjBBbnNwcnVjaCUzQSUyMEplZGVyJTIwU2Nobml0dCUyMCVFMiU4MCU5NCUyMG9iJTIwSGFhciUyMG9kZXIlMjBCYXJ0JTIwJUUyJTgwJTk0JTIwc29sbCUyMG1pdCUyMFByJUMzJUE0emlzaW9uJTJDJTIwR2VmJUMzJUJDaGwlMjB1bmQlMjBDaGFyYWt0ZXIlMjBnZW1hY2h0JTIwc2Vpbi4lMjBOaWNodCUyMG51ciUyMGFscyUyMERpZW5zdGxlaXN0dW5nJTIwJUUyJTgwJTk0JTIwc29uZGVybiUyMGFscyUyMEF1c2RydWNrJTIwZWluZXMlMjBnZXBmbGVndGVuJTIwTGViZW5zc3RpbHMuJTBBJTIwJTIwJTIwJTIwJTIwJTIwJTIwJTIwJTIwJTIwJTNDJTJGcCUzRSUwQSUyMCUyMCUyMCUyMCUyMCUyMCUyMCUyMCUzQyUyRmRpdiUzRSUwQSUyMCUyMCUyMCUyMCUyMCUyMCUzQyUyRmRpdiUzRSUwQSUyMCUyMCUyMCUyMCUzQyUyRmRpdiUzRSUwQSUyMCUyMCUzQyUyRmRpdiUzRSUwQSUwQSUyMCUyMCUzQyUyMS0tJTIwR29la2hhbiUyMC0tJTNFJTBBJTIwJTIwJTNDZGl2JTIwY2xhc3MlM0QlMjJmbGlwLWNhcmQlMjIlM0UlMEElMjAlMjAlMjAlMjAlM0NkaXYlMjBjbGFzcyUzRCUyMmZsaXAtY2FyZC1pbm5lciUyMiUzRSUwQSUyMCUyMCUyMCUyMCUyMCUyMCUzQ2RpdiUyMGNsYXNzJTNEJTIyZmxpcC1jYXJkLWZyb250JTIyJTNFJTBBJTIwJTIwJTIwJTIwJTIwJTIwJTIwJTIwJTNDaW1nJTIwc3JjJTNEJTIyaHR0cHMlM0ElMkYlMkZ3d3cuZGEtYmFkZXIuZGUlMkZ3cC1jb250ZW50JTJGdXBsb2FkcyUyRjIwMjUlMkYxMiUyRkdvZWtoYW4uanBnJTIyJTIwYWx0JTNEJTIyRyVDMyVCNmtoYW4lMjIlM0UlMEElMjAlMjAlMjAlMjAlMjAlMjAlMjAlMjAlM0NoMyUzRUclQzMlQjZraGFuJTNDJTJGaDMlM0UlMEElMjAlMjAlMjAlMjAlMjAlMjAlMjAlMjAlM0NwJTNFTWVpc3RlciUzQyUyRnAlM0UlMEElMjAlMjAlMjAlMjAlMjAlMjAlM0MlMkZkaXYlM0UlMEElMjAlMjAlMjAlMjAlMjAlMjAlM0NkaXYlMjBjbGFzcyUzRCUyMmZsaXAtY2FyZC1iYWNrJTIyJTIwc3R5bGUlM0QlMjJiYWNrZ3JvdW5kLWltYWdlJTNBJTIwdXJsJTI4JTI3aHR0cHMlM0ElMkYlMkZ3d3cuZGEtYmFkZXIuZGUlMkZ3cC1jb250ZW50JTJGdXBsb2FkcyUyRjIwMjUlMkYxMiUyRkdvZWtoYW4uanBnJTI3JTI5JTNCJTIyJTNFJTBBJTIwJTIwJTIwJTIwJTIwJTIwJTIwJTIwJTNDZGl2JTIwY2xhc3MlM0QlMjJmbGlwLWNhcmQtYmFjay1jb250ZW50JTIyJTNFJTBBJTIwJTIwJTIwJTIwJTIwJTIwJTIwJTIwJTIwJTIwJTNDaDMlM0VHJUMzJUI2a2hhbiUyMEdlbmMlM0MlMkZoMyUzRSUwQSUyMCUyMCUyMCUyMCUyMCUyMCUyMCUyMCUyMCUyMCUzQ3AlM0UlMEFJY2glMjBiaW4lMjBHJUMzJUI2a2hhbiUyMEdlbmMlMkMlMjAzOSUyMEphaHJlJTIwYWx0JTIwdW5kJTIwRnJpc2V1cm1laXN0ZXIuJTIwTWVpbmUlMjBMZWlkZW5zY2hhZnQlMjBnaWx0JTIwcHIlQzMlQTR6aXNlbiUyMEt1cnpoYWFyc2Nobml0dGVuJTIwdW5kJTIwbW9kZXJuZW4lMjBGYWRlcyUyQyUyMGJlaSUyMGRlbmVuJTIwUGVyZmVrdGlvbiUyMHVuZCUyMERldGFpbGdlbmF1aWdrZWl0JTIwaW0lMjBNaXR0ZWxwdW5rdCUyMHN0ZWhlbi4lMjBNaXQlMjBFcmZhaHJ1bmclMkMlMjBoYW5kd2Vya2xpY2hlbSUyMEslQzMlQjZubmVuJTIwdW5kJTIwZWluZW0lMjBvZmZlbmVuJTIwT2hyJTIwZiVDMyVCQ3IlMjBkaWUlMjBXJUMzJUJDbnNjaGUlMjBtZWluZXIlMjBLdW5kZW4lMjBzb3JnZSUyMGljaCUyMGRhZiVDMyVCQ3IlMkMlMjBkYXNzJTIwamVkZXIlMjBCZXN1Y2glMjB6dSUyMGVpbmVtJTIwYmVzb25kZXJlbiUyMEVybGVibmlzJTIwd2lyZC4lMEElMjAlMjAlMjAlMjAlMjAlMjAlMjAlMjAlMjAlMjAlM0MlMkZwJTNFJTBBJTIwJTIwJTIwJTIwJTIwJTIwJTIwJTIwJTNDJTJGZGl2JTNFJTBBJTIwJTIwJTIwJTIwJTIwJTIwJTNDJTJGZGl2JTNFJTBBJTIwJTIwJTIwJTIwJTNDJTJGZGl2JTNFJTBBJTIwJTIwJTNDJTJGZGl2JTNFJTBBJTBBJTIwJTIwJTNDJTIxLS0lMjBPdHRhdmlvJTIwLS0lM0UlMEElMjAlMjAlM0NkaXYlMjBjbGFzcyUzRCUyMmZsaXAtY2FyZCUyMiUzRSUwQSUyMCUyMCUyMCUyMCUzQ2RpdiUyMGNsYXNzJTNEJTIyZmxpcC1jYXJkLWlubmVyJTIyJTNFJTBBJTIwJTIwJTIwJTIwJTIwJTIwJTNDZGl2JTIwY2xhc3MlM0QlMjJmbGlwLWNhcmQtZnJvbnQlMjIlM0UlMEElMjAlMjAlMjAlMjAlMjAlMjAlMjAlMjAlM0NpbWclMjBzcmMlM0QlMjJodHRwcyUzQSUyRiUyRnd3dy5kYS1iYWRlci5kZSUyRndwLWNvbnRlbnQlMkZ1cGxvYWRzJTJGMjAyNSUyRjEyJTJGT3R0YXZpby5qcGclMjIlMjBhbHQlM0QlMjJPdHRhdmlvJTIyJTNFJTBBJTIwJTIwJTIwJTIwJTIwJTIwJTIwJTIwJTNDaDMlM0VPdHRhdmlvJTNDJTJGaDMlM0UlMEElMjAlMjAlMjAlMjAlMjAlMjAlMjAlMjAlM0NwJTNFQmV0cmllYnNsZWl0ZXIlM0MlMkZwJTNFJTBBJTIwJTIwJTIwJTIwJTIwJTIwJTNDJTJGZGl2JTNFJTBBJTIwJTIwJTIwJTIwJTIwJTIwJTNDZGl2JTIwY2xhc3MlM0QlMjJmbGlwLWNhcmQtYmFjayUyMiUyMHN0eWxlJTNEJTIyYmFja2dyb3VuZC1pbWFnZSUzQSUyMHVybCUyOCUyN2h0dHBzJTNBJTJGJTJGd3d3LmRhLWJhZGVyLmRlJTJGd3AtY29udGVudCUyRnVwbG9hZHMlMkYyMDI1JTJGMTIlMkZPdHRhdmlvLmpwZyUyNyUyOSUzQiUyMiUzRSUwQSUyMCUyMCUyMCUyMCUyMCUyMCUyMCUyMCUzQ2RpdiUyMGNsYXNzJTNEJTIyZmxpcC1jYXJkLWJhY2stY29udGVudCUyMiUzRSUwQSUyMCUyMCUyMCUyMCUyMCUyMCUyMCUyMCUyMCUyMCUzQ2gzJTNFT3R0YXZpbyUyMENvc2VuemElM0MlMkZoMyUzRSUwQSUyMCUyMCUyMCUyMCUyMCUyMCUyMCUyMCUyMCUyMCUzQ3AlM0UlMEElMjAlMjAlMjAlMjAlMjAlMjAlMjAlMjAlMjAlMjAlMjAlMjBJY2glMjBiaW4lMjBPdHRhdmlvJTIwQ29zZW56YSUyMCVFMiU4MCU5MyUyMEhlcnJlbmZyaXNldXIlMkMlMjBCZXRyaWVic2xlaXRlciUyMHVuZCUyMENyZWF0b3IlMjBtaXQlMjBMZWlkZW5zY2hhZnQlMjBmJUMzJUJDciUyMHByJUMzJUE0emlzZSUyQyUyMHNhdWJlcmUlMjBIYW5kYXJiZWl0LiUyME1laW4lMjBGb2t1cyUyMGxpZWd0JTIwYXVmJTIwcGVyZmVrdGVyJTIwU2NoZXJlbmFyYmVpdCUyQyUyMGtsYXJlbiUyMExpbmllbiUyMHVuZCUyMG1vZGVybmVuJTIwRmFkZSUyMEhhaXJjdXRzJTIwYXVmJTIwaCVDMyVCNmNoc3RlbSUyME5pdmVhdS4lMEElMEFEdXJjaCUyMG1laW5lJTIwQXJiZWl0JTIwd2FyJTIwaWNoJTIwbWVocmZhY2glMjBiZWklMjBQcm9TaWViZW4lMjB6dSUyMHNlaGVuJTIwdW5kJTIwc3R5bGUlMjBLJUMzJUJDbnN0bGVyJTIwd2llJTIwQ3JvJTJDJTIwRnUlQzMlOUZiYWxsZXIlMjB1bmQlMjB3ZWl0ZXJlJTIwYmVrYW5udGUlMjBQZXJzJUMzJUI2bmxpY2hrZWl0ZW4uJTBBJTBBQWxzJTIwVHJhaW5lciUyMGdlYmUlMjBpY2glMjBtZWluJTIwV2lzc2VuJTIwaW4lMjBTY2h1bHVuZ2VuJTIwd2VpdGVyJTIwdW5kJTIwemVpZ2UlMkMlMjB3aWUlMjBlY2h0ZSUyMFByJUMzJUE0emlzaW9uJTJDJTIwbW9kZXJuZSUyMFRlY2huaWtlbiUyMHVuZCUyMHByb2Zlc3Npb25lbGxlcyUyMEJhcmJlci1IYW5kd2VyayUyMHp1c2FtbWVua29tbWVuLiUyME1laW4lMjBBbnNwcnVjaCUzQSUyMEplZGVyJTIwU2Nobml0dCUyMHNvbGwlMjBzYXViZXIlMkMlMjBkdXJjaGRhY2h0JTIwdW5kJTIwZWluemlnYXJ0aWclMjBzZWluLiUwQSUyMCUyMCUyMCUyMCUyMCUyMCUyMCUyMCUyMCUyMCUzQyUyRnAlM0UlMEElMjAlMjAlMjAlMjAlMjAlMjAlMjAlMjAlM0MlMkZkaXYlM0UlMEElMjAlMjAlMjAlMjAlMjAlMjAlM0MlMkZkaXYlM0UlMEElMjAlMjAlMjAlMjAlM0MlMkZkaXYlM0UlMEElMjAlMjAlM0MlMkZkaXYlM0UlMEElMEElM0MlMkZkaXYlM0U=[\/vc_raw_html][\/vc_column][\/vc_row][vc_row][vc_column column_width_percent=&#8220;100&#8243; align_horizontal=&#8220;align_center&#8220; gutter_size=&#8220;3&#8243; overlay_alpha=&#8220;50&#8243; shift_x=&#8220;0&#8243; shift_y=&#8220;0&#8243; shift_y_down=&#8220;0&#8243; z_index=&#8220;0&#8243; medium_width=&#8220;0&#8243; mobile_width=&#8220;0&#8243; width=&#8220;1\/1&#8243; uncode_shortcode_id=&#8220;115157&#8243;][vc_custom_heading text_color=&#8220;color-865725&#8243; text_weight=&#8220;400&#8243; uncode_shortcode_id=&#8220;195080&#8243; text_color_type=&#8220;uncode-palette&#8220; el_id=&#8220;salon&#8220;]Impressionen[\/vc_custom_heading][vc_gallery el_id=&#8220;gallery-292666&#8243; type=&#8220;carousel&#8220; medias=&#8220;65537,65524,65459,65462,65525&#8243; carousel_lg=&#8220;&#8220; carousel_md=&#8220;&#8220; carousel_sm=&#8220;&#8220; gutter_size=&#8220;3&#8243; media_items=&#8220;media|lightbox|original&#8220; carousel_height=&#8220;equal&#8220; carousel_interval=&#8220;3000&#8243; carousel_navspeed=&#8220;400&#8243; carousel_loop=&#8220;yes&#8220; carousel_nav=&#8220;yes&#8220; carousel_nav_mobile=&#8220;yes&#8220; carousel_dots=&#8220;yes&#8220; carousel_dots_mobile=&#8220;yes&#8220; carousel_dots_inside=&#8220;yes&#8220; carousel_dot_padding=&#8220;2&#8243; stage_padding=&#8220;0&#8243; single_overlay_opacity=&#8220;50&#8243; single_padding=&#8220;2&#8243; uncode_shortcode_id=&#8220;936589&#8243;][\/vc_column][\/vc_row][vc_row][vc_column column_width_percent=&#8220;100&#8243; align_horizontal=&#8220;align_center&#8220; gutter_size=&#8220;3&#8243; overlay_alpha=&#8220;50&#8243; shift_x=&#8220;0&#8243; shift_y=&#8220;0&#8243; shift_y_down=&#8220;0&#8243; z_index=&#8220;0&#8243; medium_width=&#8220;0&#8243; mobile_width=&#8220;0&#8243; width=&#8220;1\/1&#8243; uncode_shortcode_id=&#8220;142787&#8243;][vc_custom_heading text_color=&#8220;color-865725&#8243; text_weight=&#8220;400&#8243; uncode_shortcode_id=&#8220;126106&#8243; text_color_type=&#8220;uncode-palette&#8220; el_id=&#8220;kontakt&#8220;]Kontakt[\/vc_custom_heading][vc_raw_html]JTNDcCUzRSUzQ2IlM0VEYSUyMEJhZGVyJTIwLSUyME0lQzMlQTRubmVyc2Fsb24lM0MlMkZiJTNFJTNDJTJGcCUzRSUwQSUzQ3AlM0VJbmguJTIwVG9iaWFzJTIwTWVociUzQyUyRnAlM0UlMEElM0NwJTNFTCVDMyVCNndlbnN0cmElQzMlOUZlJTIwNiUzQ2JyJTNFJTBBODUyNzYlMjBQZmFmZmVuaG9mZW4lMjBhbiUyMGRlciUyMElsbSUzQyUyRnAlM0UlMEElMEElM0NwJTNFJTBBVGVsJTNBJTIwJTNDYSUyMGhyZWYlM0QlMjJ0ZWwlM0ElMkI0OTg0NDE0MDUwMzAwJTIyJTNFJTJCNDklMjAlMjgwJTI5JTIwODQlMjA0MSUyMCUyRiUyMDQwJTIwNTAlMjAzMDAlM0MlMkZhJTNFJTNDYnIlM0UlMEElMEFFLU1haWwlM0ElMjBpbmZvJTQwZGEtYmFkZXIuZGUlMEElM0MlMkZwJTNFJTBB[\/vc_raw_html][\/vc_column][\/vc_row][vc_row][vc_column column_width_percent=&#8220;100&#8243; align_horizontal=&#8220;align_center&#8220; gutter_size=&#8220;3&#8243; overlay_alpha=&#8220;50&#8243; shift_x=&#8220;0&#8243; shift_y=&#8220;0&#8243; shift_y_down=&#8220;0&#8243; z_index=&#8220;0&#8243; medium_width=&#8220;0&#8243; mobile_width=&#8220;0&#8243; width=&#8220;1\/1&#8243; uncode_shortcode_id=&#8220;941373&#8243;][vc_raw_html]JTVCYm9ybGFicy1jb29raWUlMjBpZCUzRCUyMmdvb2dsZW1hcHMlMjIlMjB0eXBlJTNEJTIyY29udGVudC1ibG9ja2VyJTIyJTVEJTNDaWZyYW1lJTIwc3JjJTNEJTIyaHR0cHMlM0ElMkYlMkZ3d3cuZ29vZ2xlLmNvbSUyRm1hcHMlMkZlbWJlZCUzRnBiJTNEJTIxMW0xNCUyMTFtOCUyMTFtMyUyMTFkNDY4LjY4ODkwMzkwMjQ2NjU2JTIxMmQxMS41MDg4NTQzNDkwMjAwODklMjEzZDQ4LjUzMDcwMDc4NjA4MTA2JTIxM20yJTIxMWkxMDI0JTIxMmk3NjglMjE0ZjEzLjElMjEzbTMlMjExbTIlMjExczB4MCUyNTNBMHgyOTBjNGM3ZDY3NDllMTQ0JTIxMnNEYSUyQkJhZGVyJTJCLSUyQk0lMjVDMyUyNUE0bm5lcnNhbG9uJTIxNWUwJTIxM20yJTIxMXNkZSUyMTJzZGUlMjE0djE1MDM2NTMxOTY2NjMlMjIlMjB3aWR0aCUzRCUyMjYwMCUyMiUyMGhlaWdodCUzRCUyMjQ1MCUyMiUyMGZyYW1lYm9yZGVyJTNEJTIyMCUyMiUyMHN0eWxlJTNEJTIyYm9yZGVyJTNBMCUyMiUyMGFsbG93ZnVsbHNjcmVlbiUzRSUzQyUyRmlmcmFtZSUzRSUwQSU1QiUyRmJvcmxhYnMtY29va2llJTVE[\/vc_raw_html][\/vc_column][\/vc_row]<\/p>\n<\/div>","protected":false},"excerpt":{"rendered":"<p>[vc_row][vc_column column_width_percent=&#8220;100&#8243; align_horizontal=&#8220;align_center&#8220; gutter_size=&#8220;3&#8243; overlay_alpha=&#8220;50&#8243; shift_x=&#8220;0&#8243; shift_y=&#8220;0&#8243; shift_y_down=&#8220;0&#8243; z_index=&#8220;0&#8243; medium_width=&#8220;0&#8243; mobile_width=&#8220;0&#8243; width=&#8220;1\/1&#8243; uncode_shortcode_id=&#8220;101720&#8243;][vc_custom_heading text_color=&#8220;color-865725&#8243; heading_semantic=&#8220;h1&#8243; text_size=&#8220;h1&#8243; text_weight=&#8220;400&#8243; sub_lead=&#8220;yes&#8220; uncode_shortcode_id=&#8220;192484&#8243; text_color_type=&#8220;uncode-palette&#8220; [&hellip;]<\/p>\n","protected":false},"author":3,"featured_media":0,"parent":0,"menu_order":0,"comment_status":"closed","ping_status":"closed","template":"","meta":{"footnotes":""},"_links":{"self":[{"href":"https:\/\/www.da-bader.de\/index.php?rest_route=\/wp\/v2\/pages\/65839"}],"collection":[{"href":"https:\/\/www.da-bader.de\/index.php?rest_route=\/wp\/v2\/pages"}],"about":[{"href":"https:\/\/www.da-bader.de\/index.php?rest_route=\/wp\/v2\/types\/page"}],"author":[{"embeddable":true,"href":"https:\/\/www.da-bader.de\/index.php?rest_route=\/wp\/v2\/users\/3"}],"replies":[{"embeddable":true,"href":"https:\/\/www.da-bader.de\/index.php?rest_route=%2Fwp%2Fv2%2Fcomments&post=65839"}],"version-history":[{"count":118,"href":"https:\/\/www.da-bader.de\/index.php?rest_route=\/wp\/v2\/pages\/65839\/revisions"}],"predecessor-version":[{"id":66060,"href":"https:\/\/www.da-bader.de\/index.php?rest_route=\/wp\/v2\/pages\/65839\/revisions\/66060"}],"wp:attachment":[{"href":"https:\/\/www.da-bader.de\/index.php?rest_route=%2Fwp%2Fv2%2Fmedia&parent=65839"}],"curies":[{"name":"wp","href":"https:\/\/api.w.org\/{rel}","templated":true}]}}