{"id":65753,"date":"2022-11-18T12:26:38","date_gmt":"2022-11-18T11:26:38","guid":{"rendered":"https:\/\/www.da-bader.de\/?page_id=65753"},"modified":"2025-12-05T20:53:36","modified_gmt":"2025-12-05T19:53:36","slug":"impressum","status":"publish","type":"page","link":"https:\/\/www.da-bader.de\/?page_id=65753","title":{"rendered":"Impressum"},"content":{"rendered":"<h2>Angaben gem\u00e4\u00df \u00a7 5 TMG<\/h2>\n<p>Tobias Mehr<br \/>\nda Bader \u2013 M\u00e4nnersalon<br \/>\nL\u00f6wenstra\u00dfe 6<br \/>\n85276 Pfaffenhofen an der Ilm<\/p>\n<h2>Kontakt<\/h2>\n<p>Telefon: 08441\/4050300<br \/>\nE-Mail: info@da-bader.de<\/p>\n<h2>Umsatzsteuer-ID<\/h2>\n<p>Umsatzsteuer-Identifikationsnummer gem\u00e4\u00df \u00a7 27 a Umsatzsteuergesetz:<br \/>\nDE311273261<\/p>\n<h2>Aufsichtsbeh\u00f6rde<\/h2>\n<p>Handwerkskammer M\u00fcnchen<br \/>\nBetriebsnummer: 7163068<\/p>\n<p><a href=\"https:\/\/www.hwk-muenchen.de\/\" target=\"_blank\" rel=\"noopener noreferrer\">https:\/\/www.hwk-muenchen.de\/<\/a><\/p>\n<h2>Redaktionell verantwortlich<\/h2>\n<p>da Bader \u2013 M\u00e4nnersalon<br \/>\nTobias Mehr<br \/>\nL\u00f6wenstra\u00dfe 6<br \/>\n85276 Pfaffenhofen an der Ilm<\/p>\n<h2>EU-Streitschlichtung<\/h2>\n<p>Die Europ\u00e4ische Kommission stellt eine Plattform zur Online-Streitbeilegung (OS) bereit: <a href=\"https:\/\/ec.europa.eu\/consumers\/odr\/\" target=\"_blank\" rel=\"noopener noreferrer\">https:\/\/ec.europa.eu\/consumers\/odr\/<\/a>.<br \/>\nUnsere E-Mail-Adresse finden Sie oben im Impressum.<\/p>\n<h2>Verbraucher\u00adstreit\u00adbeilegung\/Universal\u00adschlichtungs\u00adstelle<\/h2>\n<p>Wir sind nicht bereit oder verpflichtet, an Streitbeilegungsverfahren vor einer Verbraucherschlichtungsstelle teilzunehmen.<\/p>\n","protected":false},"excerpt":{"rendered":"<p>Angaben gem\u00e4\u00df \u00a7 5 TMG Tobias Mehr da Bader \u2013 M\u00e4nnersalon L\u00f6wenstra\u00dfe 6 85276 Pfaffenhofen an der Ilm Kontakt Telefon: [&hellip;]<\/p>\n","protected":false},"author":3,"featured_media":0,"parent":0,"menu_order":0,"comment_status":"closed","ping_status":"closed","template":"","meta":{"footnotes":""},"_links":{"self":[{"href":"https:\/\/www.da-bader.de\/index.php?rest_route=\/wp\/v2\/pages\/65753"}],"collection":[{"href":"https:\/\/www.da-bader.de\/index.php?rest_route=\/wp\/v2\/pages"}],"about":[{"href":"https:\/\/www.da-bader.de\/index.php?rest_route=\/wp\/v2\/types\/page"}],"author":[{"embeddable":true,"href":"https:\/\/www.da-bader.de\/index.php?rest_route=\/wp\/v2\/users\/3"}],"replies":[{"embeddable":true,"href":"https:\/\/www.da-bader.de\/index.php?rest_route=%2Fwp%2Fv2%2Fcomments&post=65753"}],"version-history":[{"count":4,"href":"https:\/\/www.da-bader.de\/index.php?rest_route=\/wp\/v2\/pages\/65753\/revisions"}],"predecessor-version":[{"id":66026,"href":"https:\/\/www.da-bader.de\/index.php?rest_route=\/wp\/v2\/pages\/65753\/revisions\/66026"}],"wp:attachment":[{"href":"https:\/\/www.da-bader.de\/index.php?rest_route=%2Fwp%2Fv2%2Fmedia&parent=65753"}],"curies":[{"name":"wp","href":"https:\/\/api.w.org\/{rel}","templated":true}]}}